{"id":1589,"date":"2020-12-11T10:19:32","date_gmt":"2020-12-11T10:19:32","guid":{"rendered":"https:\/\/letmalaga.com\/services\/"},"modified":"2021-04-18T10:31:48","modified_gmt":"2021-04-18T10:31:48","slug":"services","status":"publish","type":"page","link":"https:\/\/letmalaga.com\/en\/services\/","title":{"rendered":"Services"},"content":{"rendered":"\t\t<div data-elementor-type=\"wp-page\" data-elementor-id=\"1589\" class=\"elementor elementor-1589 elementor-255\" data-elementor-post-type=\"page\">\n\t\t\t\t\t\t<section class=\"elementor-section elementor-top-section elementor-element elementor-element-7ed079cd elementor-section-height-min-height elementor-section-boxed elementor-section-height-default elementor-section-items-middle\" data-id=\"7ed079cd\" data-element_type=\"section\" data-e-type=\"section\" data-settings=\"{&quot;background_background&quot;:&quot;classic&quot;}\">\n\t\t\t\t\t\t<div class=\"elementor-container elementor-column-gap-default\">\n\t\t\t\t\t<div class=\"elementor-column elementor-col-100 elementor-top-column elementor-element elementor-element-23f7499e\" data-id=\"23f7499e\" data-element_type=\"column\" data-e-type=\"column\">\n\t\t\t<div class=\"elementor-widget-wrap\">\n\t\t\t\t\t\t\t<\/div>\n\t\t<\/div>\n\t\t\t\t\t<\/div>\n\t\t<\/section>\n\t\t\t\t<section class=\"elementor-section elementor-top-section elementor-element elementor-element-23d1e74e elementor-section-boxed elementor-section-height-default elementor-section-height-default\" data-id=\"23d1e74e\" data-element_type=\"section\" data-e-type=\"section\">\n\t\t\t\t\t\t<div class=\"elementor-container elementor-column-gap-default\">\n\t\t\t\t\t<div class=\"elementor-column elementor-col-100 elementor-top-column elementor-element elementor-element-46b79af\" data-id=\"46b79af\" data-element_type=\"column\" data-e-type=\"column\">\n\t\t\t<div class=\"elementor-widget-wrap elementor-element-populated\">\n\t\t\t\t\t\t<div class=\"elementor-element elementor-element-4e6a520c elementor-widget elementor-widget-text-editor\" data-id=\"4e6a520c\" data-element_type=\"widget\" data-e-type=\"widget\" data-widget_type=\"text-editor.default\">\n\t\t\t\t<div class=\"elementor-widget-container\">\n\t\t\t\t\t\t\t\t\t<h1 style=\"text-align: center;\">Services and activities<\/h1>\n\t\t\t\t\t\t\t\t<\/div>\n\t\t\t\t<\/div>\n\t\t\t\t<div class=\"elementor-element elementor-element-6739e29 elementor-widget elementor-widget-text-editor\" data-id=\"6739e29\" data-element_type=\"widget\" data-e-type=\"widget\" data-widget_type=\"text-editor.default\">\n\t\t\t\t<div class=\"elementor-widget-container\">\n\t\t\t\t\t\t\t\t\t<p style=\"text-align: center;\">Letmalaga offers you various services to make your life easier during your stay.<\/p>\n\t\t\t\t\t\t\t\t<\/div>\n\t\t\t\t<\/div>\n\t\t\t\t\t<\/div>\n\t\t<\/div>\n\t\t\t\t\t<\/div>\n\t\t<\/section>\n\t\t\t\t<section class=\"elementor-section elementor-top-section elementor-element elementor-element-3649e64b elementor-section-boxed elementor-section-height-default elementor-section-height-default\" data-id=\"3649e64b\" data-element_type=\"section\" data-e-type=\"section\">\n\t\t\t\t\t\t<div class=\"elementor-container elementor-column-gap-default\">\n\t\t\t\t\t<div class=\"elementor-column elementor-col-50 elementor-top-column elementor-element elementor-element-6d6ac537\" data-id=\"6d6ac537\" data-element_type=\"column\" data-e-type=\"column\">\n\t\t\t<div class=\"elementor-widget-wrap elementor-element-populated\">\n\t\t\t\t\t\t<div class=\"elementor-element elementor-element-49ccc660 elementor-widget elementor-widget-text-editor\" data-id=\"49ccc660\" data-element_type=\"widget\" data-e-type=\"widget\" data-widget_type=\"text-editor.default\">\n\t\t\t\t<div class=\"elementor-widget-container\">\n\t\t\t\t\t\t\t\t\t<h2>Parking in the centre<\/h2>\n\t\t\t\t\t\t\t\t<\/div>\n\t\t\t\t<\/div>\n\t\t\t\t<div class=\"elementor-element elementor-element-5c08485d elementor-widget elementor-widget-text-editor\" data-id=\"5c08485d\" data-element_type=\"widget\" data-e-type=\"widget\" data-widget_type=\"text-editor.default\">\n\t\t\t\t<div class=\"elementor-widget-container\">\n\t\t\t\t\t\t\t\t\t<p>We know that parking in the centre of M\u00e1laga is complicated Reserve a parking space in the heart of the historic centre for only 18 euros a day. Simply contact our staff by\u00a0<strong><span style=\"color: #e04c5e;\"><a style=\"color: #e04c5e;\" href=\"https:\/\/api.whatsapp.com\/send?phone=+34663325793\" target=\"_blank\" rel=\"noopener\">Whatsapp<\/a><\/span><\/strong> or <a href=\"mailto:hello@letmalaga.com\"><span style=\"color: #e04c5e;\"><strong>email<\/strong><\/span><\/a><a href=\"mailto:hello@letmalaga.com\"><span style=\"color: #e04c5e;\">\u00a0<\/span><\/a>and they will arrange it for you.<\/p>\t\t\t\t\t\t\t\t<\/div>\n\t\t\t\t<\/div>\n\t\t\t\t\t<\/div>\n\t\t<\/div>\n\t\t\t\t<div class=\"elementor-column elementor-col-50 elementor-top-column elementor-element elementor-element-28cbe601\" data-id=\"28cbe601\" data-element_type=\"column\" data-e-type=\"column\">\n\t\t\t<div class=\"elementor-widget-wrap elementor-element-populated\">\n\t\t\t\t\t\t<div class=\"elementor-element elementor-element-17d3cffe elementor-widget elementor-widget-text-editor\" data-id=\"17d3cffe\" data-element_type=\"widget\" data-e-type=\"widget\" data-widget_type=\"text-editor.default\">\n\t\t\t\t<div class=\"elementor-widget-container\">\n\t\t\t\t\t\t\t\t\t<h2>Pick up at the airport<\/h2>\n\t\t\t\t\t\t\t\t<\/div>\n\t\t\t\t<\/div>\n\t\t\t\t<div class=\"elementor-element elementor-element-3151e770 elementor-widget elementor-widget-text-editor\" data-id=\"3151e770\" data-element_type=\"widget\" data-e-type=\"widget\" data-widget_type=\"text-editor.default\">\n\t\t\t\t<div class=\"elementor-widget-container\">\n\t\t\t\t\t\t\t\t\t<p>Do you want to be picked up at the airport and go directly for the keys? Your return flight leaves early and you don\u2019t want to miss it? We arrange it. We offer a transfer service from 25 Euros, contact our team by\u00a0<strong><span style=\"color: #e04c5e;\"><a style=\"color: #e04c5e;\" href=\"https:\/\/api.whatsapp.com\/send?phone=+34663325793\" target=\"_blank\" rel=\"noopener\">Whatsapp<\/a><\/span><\/strong> or <a href=\"mailto:hello@letmalaga.com\"><span style=\"color: #e04c5e;\"><strong>email<\/strong> <\/span><\/a> and they will arrange for someone to be waiting for you on arrival<\/p>\t\t\t\t\t\t\t\t<\/div>\n\t\t\t\t<\/div>\n\t\t\t\t\t<\/div>\n\t\t<\/div>\n\t\t\t\t\t<\/div>\n\t\t<\/section>\n\t\t\t\t<section class=\"elementor-section elementor-top-section elementor-element elementor-element-4ea80f06 elementor-section-boxed elementor-section-height-default elementor-section-height-default\" data-id=\"4ea80f06\" data-element_type=\"section\" data-e-type=\"section\">\n\t\t\t\t\t\t<div class=\"elementor-container elementor-column-gap-default\">\n\t\t\t\t\t<div class=\"elementor-column elementor-col-50 elementor-top-column elementor-element elementor-element-16fdf96f\" data-id=\"16fdf96f\" data-element_type=\"column\" data-e-type=\"column\">\n\t\t\t<div class=\"elementor-widget-wrap elementor-element-populated\">\n\t\t\t\t\t\t<div class=\"elementor-element elementor-element-d60e419 elementor-widget elementor-widget-text-editor\" data-id=\"d60e419\" data-element_type=\"widget\" data-e-type=\"widget\" data-widget_type=\"text-editor.default\">\n\t\t\t\t<div class=\"elementor-widget-container\">\n\t\t\t\t\t\t\t\t\t<h2>Seguro de viaje<\/h2>\n\t\t\t\t\t\t\t\t<\/div>\n\t\t\t\t<\/div>\n\t\t\t\t<div class=\"elementor-element elementor-element-19202481 elementor-widget elementor-widget-text-editor\" data-id=\"19202481\" data-element_type=\"widget\" data-e-type=\"widget\" data-widget_type=\"text-editor.default\">\n\t\t\t\t<div class=\"elementor-widget-container\">\n\t\t\t\t\t\t\t\t\t<p>We understand that unexpected events can occur and that in these times it is necessary to travel safely, so we include in your reservation a travel insurance that can cover up to 2000 euros for justified cancellations and other unexpected events for a maximum of 5 people. Please see the conditions <a href=\"https:\/\/letmalaga.com\/wp-content\/uploads\/2020\/06\/seguro-de-viaje-letmalaga.pdf\" target=\"_blank\" rel=\"noopener\"><strong>in the attached document.<\/strong><\/a><\/p>\t\t\t\t\t\t\t\t<\/div>\n\t\t\t\t<\/div>\n\t\t\t\t\t<\/div>\n\t\t<\/div>\n\t\t\t\t<div class=\"elementor-column elementor-col-50 elementor-top-column elementor-element elementor-element-2a555b13\" data-id=\"2a555b13\" data-element_type=\"column\" data-e-type=\"column\">\n\t\t\t<div class=\"elementor-widget-wrap elementor-element-populated\">\n\t\t\t\t\t\t<div class=\"elementor-element elementor-element-1df54692 elementor-widget elementor-widget-text-editor\" data-id=\"1df54692\" data-element_type=\"widget\" data-e-type=\"widget\" data-widget_type=\"text-editor.default\">\n\t\t\t\t<div class=\"elementor-widget-container\">\n\t\t\t\t\t\t\t\t\t<h2>Free luggage storage<\/h2>\n\t\t\t\t\t\t\t\t<\/div>\n\t\t\t\t<\/div>\n\t\t\t\t<div class=\"elementor-element elementor-element-42d89b0e elementor-widget elementor-widget-text-editor\" data-id=\"42d89b0e\" data-element_type=\"widget\" data-e-type=\"widget\" data-widget_type=\"text-editor.default\">\n\t\t\t\t<div class=\"elementor-widget-container\">\n\t\t\t\t\t\t\t\t\t<p>If you arrive before the check-in time or leave later, don\u2019t worry, you can leave your luggage <a href=\"https:\/\/www.google.com\/maps\/place\/\/data=!4m2!3m1!1s0xd72f7bfaabd3dbd:0xd8efd784ccc4ca5d?source=g.page.share\" target=\"_blank\" rel=\"noopener\"><strong>in our office<\/strong><\/a> without any problem from 10 am to 8 pm. I\u2019m sure our staff will offer you a coffee and will be happy to help you with whatever you need.<\/p>\t\t\t\t\t\t\t\t<\/div>\n\t\t\t\t<\/div>\n\t\t\t\t\t<\/div>\n\t\t<\/div>\n\t\t\t\t\t<\/div>\n\t\t<\/section>\n\t\t\t\t<section class=\"elementor-section elementor-top-section elementor-element elementor-element-9581b18 elementor-section-boxed elementor-section-height-default elementor-section-height-default\" data-id=\"9581b18\" data-element_type=\"section\" data-e-type=\"section\">\n\t\t\t\t\t\t<div class=\"elementor-container elementor-column-gap-default\">\n\t\t\t\t\t<div class=\"elementor-column elementor-col-100 elementor-top-column elementor-element elementor-element-33d87fcd\" data-id=\"33d87fcd\" data-element_type=\"column\" data-e-type=\"column\">\n\t\t\t<div class=\"elementor-widget-wrap elementor-element-populated\">\n\t\t\t\t\t\t<div class=\"elementor-element elementor-element-afdbdd4 elementor-widget elementor-widget-text-editor\" data-id=\"afdbdd4\" data-element_type=\"widget\" data-e-type=\"widget\" data-widget_type=\"text-editor.default\">\n\t\t\t\t<div class=\"elementor-widget-container\">\n\t\t\t\t\t\t\t\t\t<h3>We are happy to help you with your requests!<\/h3>\n\t\t\t\t\t\t\t\t<\/div>\n\t\t\t\t<\/div>\n\t\t\t\t<div class=\"elementor-element elementor-element-1b320d37 elementor-widget elementor-widget-wpforms\" data-id=\"1b320d37\" data-element_type=\"widget\" data-e-type=\"widget\" data-widget_type=\"wpforms.default\">\n\t\t\t\t<div class=\"elementor-widget-container\">\n\t\t\t\t\t<div class=\"wpforms-container wpforms-container-full\" id=\"wpforms-1818\"><form id=\"wpforms-form-1818\" class=\"wpforms-validate wpforms-form\" data-formid=\"1818\" method=\"post\" enctype=\"multipart\/form-data\" action=\"\/en\/wp-json\/wp\/v2\/pages\/1589\" data-token=\"f46554a5b16f14904eeddfa62bc88b79\" data-token-time=\"1776165933\"><noscript class=\"wpforms-error-noscript\">Please enable JavaScript in your browser to complete this form.<\/noscript><div class=\"wpforms-field-container\"><div id=\"wpforms-1818-field_0-container\" class=\"wpforms-field wpforms-field-name\" data-field-id=\"0\"><label class=\"wpforms-field-label\" for=\"wpforms-1818-field_0\">Name <span class=\"wpforms-required-label\">*<\/span><\/label><div class=\"wpforms-field-row wpforms-field-large\"><div class=\"wpforms-field-row-block wpforms-first wpforms-one-half\"><input type=\"text\" id=\"wpforms-1818-field_0\" class=\"wpforms-field-name-first wpforms-field-required\" name=\"wpforms[fields][0][first]\" placeholder=\"Name\" required><label for=\"wpforms-1818-field_0\" class=\"wpforms-field-sublabel after wpforms-sublabel-hide\">First<\/label><\/div><div class=\"wpforms-field-row-block wpforms-one-half\"><input type=\"text\" id=\"wpforms-1818-field_0-last\" class=\"wpforms-field-name-last wpforms-field-required\" name=\"wpforms[fields][0][last]\" placeholder=\"Surname\" required><label for=\"wpforms-1818-field_0-last\" class=\"wpforms-field-sublabel after wpforms-sublabel-hide\">Last<\/label><\/div><\/div><\/div><div id=\"wpforms-1818-field_1-container\" class=\"wpforms-field wpforms-field-email\" data-field-id=\"1\"><label class=\"wpforms-field-label\" for=\"wpforms-1818-field_1\">Email <span class=\"wpforms-required-label\">*<\/span><\/label><input type=\"email\" id=\"wpforms-1818-field_1\" class=\"wpforms-field-large wpforms-field-required\" name=\"wpforms[fields][1]\" spellcheck=\"false\" required><\/div><div id=\"wpforms-1818-field_4-container\" class=\"wpforms-field wpforms-field-number\" data-field-id=\"4\"><label class=\"wpforms-field-label\" for=\"wpforms-1818-field_4\">Phone <span class=\"wpforms-required-label\">*<\/span><\/label><input type=\"number\" id=\"wpforms-1818-field_4\" class=\"wpforms-field-large wpforms-field-required\" name=\"wpforms[fields][4]\" step=\"any\" required><\/div><div id=\"wpforms-1818-field_2-container\" class=\"wpforms-field wpforms-field-textarea\" data-field-id=\"2\"><label class=\"wpforms-field-label\" for=\"wpforms-1818-field_2\">Message<\/label><textarea id=\"wpforms-1818-field_2\" class=\"wpforms-field-medium\" name=\"wpforms[fields][2]\" ><\/textarea><\/div><div id=\"wpforms-1818-field_5-container\" class=\"wpforms-field wpforms-field-checkbox\" data-field-id=\"5\"><label class=\"wpforms-field-label\">Pol\u00edtica de Protecci\u00f3n de Datos  <span class=\"wpforms-required-label\">*<\/span><\/label><ul id=\"wpforms-1818-field_5\" class=\"wpforms-field-required\"><li class=\"choice-1 depth-1\"><input type=\"checkbox\" id=\"wpforms-1818-field_5_1\" name=\"wpforms[fields][5][]\" value=\"I have read and accept the Data Protection Policy\" required ><label class=\"wpforms-field-label-inline\" for=\"wpforms-1818-field_5_1\">I have read and accept the Data Protection Policy<\/label><\/li><\/ul><div class=\"wpforms-field-description\"><a href=\"\/politica-de-privacidad\/\" target=\"blank\"> Data Protection Policy<\/a><\/div><\/div><\/div><!-- .wpforms-field-container --><div class=\"wpforms-recaptcha-container wpforms-is-recaptcha wpforms-is-recaptcha-type-invisible\" ><div class=\"g-recaptcha\" data-sitekey=\"6LfYwSkaAAAAAGCaSu5AzJ1l8WsSVn6fRyjfUaIU\" data-size=\"invisible\"><\/div><\/div><div class=\"wpforms-submit-container\" ><input type=\"hidden\" name=\"wpforms[id]\" value=\"1818\"><input type=\"hidden\" name=\"page_title\" value=\"\"><input type=\"hidden\" name=\"page_url\" value=\"https:\/\/letmalaga.com\/en\/wp-json\/wp\/v2\/pages\/1589\"><input type=\"hidden\" name=\"url_referer\" value=\"\"><button type=\"submit\" name=\"wpforms[submit]\" id=\"wpforms-submit-1818\" class=\"wpforms-submit\" data-alt-text=\"Sending\" data-submit-text=\"Send\" aria-live=\"assertive\" value=\"wpforms-submit\">Send<\/button><\/div><\/form><\/div>  <!-- .wpforms-container -->\t\t\t\t<\/div>\n\t\t\t\t<\/div>\n\t\t\t\t\t<\/div>\n\t\t<\/div>\n\t\t\t\t\t<\/div>\n\t\t<\/section>\n\t\t\t\t<\/div>\n\t\t","protected":false},"excerpt":{"rendered":"<p>Services and activities Letmalaga offers you various services to make your life easier during your stay. Parking in the centre We know that parking in the centre of M\u00e1laga is complicated Reserve a parking space in the heart of the historic centre for only 18 euros a day. Simply contact our staff by\u00a0Whatsapp or email\u00a0and [&hellip;]<\/p>\n","protected":false},"author":2,"featured_media":1479,"parent":0,"menu_order":0,"comment_status":"closed","ping_status":"closed","template":"elementor_header_footer","meta":{"jetpack_post_was_ever_published":false,"footnotes":""},"class_list":["post-1589","page","type-page","status-publish","has-post-thumbnail","hentry"],"yoast_head":"<!-- This site is optimized with the Yoast SEO plugin v27.3 - https:\/\/yoast.com\/product\/yoast-seo-wordpress\/ -->\n<title>Services | Letmalaga | Apartamentos Tur\u00edstico en M\u00e1laga | Official Website<\/title>\n<meta name=\"description\" content=\"Parking in the centre - Airport pick-up - Travel insurance - Free luggage storage Book online at the best guaranteed price.\" \/>\n<meta name=\"robots\" content=\"index, follow, max-snippet:-1, max-image-preview:large, max-video-preview:-1\" \/>\n<link rel=\"canonical\" href=\"https:\/\/letmalaga.com\/en\/services\/\" \/>\n<meta property=\"og:locale\" content=\"en_US\" \/>\n<meta property=\"og:type\" content=\"article\" \/>\n<meta property=\"og:title\" content=\"Services | Letmalaga | Apartamentos Tur\u00edstico en M\u00e1laga | Official Website\" \/>\n<meta property=\"og:description\" content=\"Parking in the centre - Airport pick-up - Travel insurance - Free luggage storage Book online at the best guaranteed price.\" \/>\n<meta property=\"og:url\" content=\"https:\/\/letmalaga.com\/en\/services\/\" \/>\n<meta property=\"og:site_name\" content=\"Letmalaga | Apartamentos Tur\u00edstico en M\u00e1laga\" \/>\n<meta property=\"article:publisher\" content=\"https:\/\/www.facebook.com\/Letmalaga\" \/>\n<meta property=\"article:modified_time\" content=\"2021-04-18T10:31:48+00:00\" \/>\n<meta property=\"og:image\" content=\"https:\/\/i2.wp.com\/letmalaga.com\/wp-content\/uploads\/2020\/06\/Let-Malaga-Apartamentos-centro-de-malaga-2.jpg?fit=1920%2C1280&ssl=1\" \/>\n\t<meta property=\"og:image:width\" content=\"1920\" \/>\n\t<meta property=\"og:image:height\" content=\"1280\" \/>\n\t<meta property=\"og:image:type\" content=\"image\/jpeg\" \/>\n<meta name=\"twitter:card\" content=\"summary_large_image\" \/>\n<meta name=\"twitter:label1\" content=\"Est. reading time\" \/>\n\t<meta name=\"twitter:data1\" content=\"2 minutes\" \/>\n<script type=\"application\/ld+json\" class=\"yoast-schema-graph\">{\"@context\":\"https:\\\/\\\/schema.org\",\"@graph\":[{\"@type\":\"WebPage\",\"@id\":\"https:\\\/\\\/letmalaga.com\\\/en\\\/services\\\/\",\"url\":\"https:\\\/\\\/letmalaga.com\\\/en\\\/services\\\/\",\"name\":\"Services | Letmalaga | Apartamentos Tur\u00edstico en M\u00e1laga | Official Website\",\"isPartOf\":{\"@id\":\"https:\\\/\\\/letmalaga.com\\\/en\\\/#website\"},\"primaryImageOfPage\":{\"@id\":\"https:\\\/\\\/letmalaga.com\\\/en\\\/services\\\/#primaryimage\"},\"image\":{\"@id\":\"https:\\\/\\\/letmalaga.com\\\/en\\\/services\\\/#primaryimage\"},\"thumbnailUrl\":\"https:\\\/\\\/i0.wp.com\\\/letmalaga.com\\\/wp-content\\\/uploads\\\/2020\\\/06\\\/Let-Malaga-Apartamentos-centro-de-malaga-2.jpg?fit=1920%2C1280&ssl=1\",\"datePublished\":\"2020-12-11T10:19:32+00:00\",\"dateModified\":\"2021-04-18T10:31:48+00:00\",\"description\":\"Parking in the centre - Airport pick-up - Travel insurance - Free luggage storage Book online at the best guaranteed price.\",\"breadcrumb\":{\"@id\":\"https:\\\/\\\/letmalaga.com\\\/en\\\/services\\\/#breadcrumb\"},\"inLanguage\":\"en-US\",\"potentialAction\":[{\"@type\":\"ReadAction\",\"target\":[\"https:\\\/\\\/letmalaga.com\\\/en\\\/services\\\/\"]}]},{\"@type\":\"ImageObject\",\"inLanguage\":\"en-US\",\"@id\":\"https:\\\/\\\/letmalaga.com\\\/en\\\/services\\\/#primaryimage\",\"url\":\"https:\\\/\\\/i0.wp.com\\\/letmalaga.com\\\/wp-content\\\/uploads\\\/2020\\\/06\\\/Let-Malaga-Apartamentos-centro-de-malaga-2.jpg?fit=1920%2C1280&ssl=1\",\"contentUrl\":\"https:\\\/\\\/i0.wp.com\\\/letmalaga.com\\\/wp-content\\\/uploads\\\/2020\\\/06\\\/Let-Malaga-Apartamentos-centro-de-malaga-2.jpg?fit=1920%2C1280&ssl=1\",\"width\":1920,\"height\":1280},{\"@type\":\"BreadcrumbList\",\"@id\":\"https:\\\/\\\/letmalaga.com\\\/en\\\/services\\\/#breadcrumb\",\"itemListElement\":[{\"@type\":\"ListItem\",\"position\":1,\"name\":\"Portada\",\"item\":\"https:\\\/\\\/letmalaga.com\\\/en\\\/home\\\/\"},{\"@type\":\"ListItem\",\"position\":2,\"name\":\"Services\"}]},{\"@type\":\"WebSite\",\"@id\":\"https:\\\/\\\/letmalaga.com\\\/en\\\/#website\",\"url\":\"https:\\\/\\\/letmalaga.com\\\/en\\\/\",\"name\":\"Letmalaga | Apartamentos Tur\u00edstico en M\u00e1laga\",\"description\":\"Apartamentos tur\u00edstico en M\u00e1laga\",\"publisher\":{\"@id\":\"https:\\\/\\\/letmalaga.com\\\/en\\\/#organization\"},\"potentialAction\":[{\"@type\":\"SearchAction\",\"target\":{\"@type\":\"EntryPoint\",\"urlTemplate\":\"https:\\\/\\\/letmalaga.com\\\/en\\\/?s={search_term_string}\"},\"query-input\":{\"@type\":\"PropertyValueSpecification\",\"valueRequired\":true,\"valueName\":\"search_term_string\"}}],\"inLanguage\":\"en-US\"},{\"@type\":\"Organization\",\"@id\":\"https:\\\/\\\/letmalaga.com\\\/en\\\/#organization\",\"name\":\"Letmalaga Apartamentos\",\"url\":\"https:\\\/\\\/letmalaga.com\\\/en\\\/\",\"logo\":{\"@type\":\"ImageObject\",\"inLanguage\":\"en-US\",\"@id\":\"https:\\\/\\\/letmalaga.com\\\/en\\\/#\\\/schema\\\/logo\\\/image\\\/\",\"url\":\"https:\\\/\\\/i0.wp.com\\\/letmalaga.com\\\/wp-content\\\/uploads\\\/2020\\\/01\\\/logolet-2.png?fit=960%2C960&ssl=1\",\"contentUrl\":\"https:\\\/\\\/i0.wp.com\\\/letmalaga.com\\\/wp-content\\\/uploads\\\/2020\\\/01\\\/logolet-2.png?fit=960%2C960&ssl=1\",\"width\":960,\"height\":960,\"caption\":\"Letmalaga Apartamentos\"},\"image\":{\"@id\":\"https:\\\/\\\/letmalaga.com\\\/en\\\/#\\\/schema\\\/logo\\\/image\\\/\"},\"sameAs\":[\"https:\\\/\\\/www.facebook.com\\\/Letmalaga\",\"https:\\\/\\\/www.instagram.com\\\/letmalagamoments\\\/\",\"https:\\\/\\\/www.linkedin.com\\\/feed\\\/\"]}]}<\/script>\n<!-- \/ Yoast SEO plugin. -->","yoast_head_json":{"title":"Services | Letmalaga | Apartamentos Tur\u00edstico en M\u00e1laga | Official Website","description":"Parking in the centre - Airport pick-up - Travel insurance - Free luggage storage Book online at the best guaranteed price.","robots":{"index":"index","follow":"follow","max-snippet":"max-snippet:-1","max-image-preview":"max-image-preview:large","max-video-preview":"max-video-preview:-1"},"canonical":"https:\/\/letmalaga.com\/en\/services\/","og_locale":"en_US","og_type":"article","og_title":"Services | Letmalaga | Apartamentos Tur\u00edstico en M\u00e1laga | Official Website","og_description":"Parking in the centre - Airport pick-up - Travel insurance - Free luggage storage Book online at the best guaranteed price.","og_url":"https:\/\/letmalaga.com\/en\/services\/","og_site_name":"Letmalaga | Apartamentos Tur\u00edstico en M\u00e1laga","article_publisher":"https:\/\/www.facebook.com\/Letmalaga","article_modified_time":"2021-04-18T10:31:48+00:00","og_image":[{"width":1920,"height":1280,"url":"https:\/\/i2.wp.com\/letmalaga.com\/wp-content\/uploads\/2020\/06\/Let-Malaga-Apartamentos-centro-de-malaga-2.jpg?fit=1920%2C1280&ssl=1","type":"image\/jpeg"}],"twitter_card":"summary_large_image","twitter_misc":{"Est. reading time":"2 minutes"},"schema":{"@context":"https:\/\/schema.org","@graph":[{"@type":"WebPage","@id":"https:\/\/letmalaga.com\/en\/services\/","url":"https:\/\/letmalaga.com\/en\/services\/","name":"Services | Letmalaga | Apartamentos Tur\u00edstico en M\u00e1laga | Official Website","isPartOf":{"@id":"https:\/\/letmalaga.com\/en\/#website"},"primaryImageOfPage":{"@id":"https:\/\/letmalaga.com\/en\/services\/#primaryimage"},"image":{"@id":"https:\/\/letmalaga.com\/en\/services\/#primaryimage"},"thumbnailUrl":"https:\/\/i0.wp.com\/letmalaga.com\/wp-content\/uploads\/2020\/06\/Let-Malaga-Apartamentos-centro-de-malaga-2.jpg?fit=1920%2C1280&ssl=1","datePublished":"2020-12-11T10:19:32+00:00","dateModified":"2021-04-18T10:31:48+00:00","description":"Parking in the centre - Airport pick-up - Travel insurance - Free luggage storage Book online at the best guaranteed price.","breadcrumb":{"@id":"https:\/\/letmalaga.com\/en\/services\/#breadcrumb"},"inLanguage":"en-US","potentialAction":[{"@type":"ReadAction","target":["https:\/\/letmalaga.com\/en\/services\/"]}]},{"@type":"ImageObject","inLanguage":"en-US","@id":"https:\/\/letmalaga.com\/en\/services\/#primaryimage","url":"https:\/\/i0.wp.com\/letmalaga.com\/wp-content\/uploads\/2020\/06\/Let-Malaga-Apartamentos-centro-de-malaga-2.jpg?fit=1920%2C1280&ssl=1","contentUrl":"https:\/\/i0.wp.com\/letmalaga.com\/wp-content\/uploads\/2020\/06\/Let-Malaga-Apartamentos-centro-de-malaga-2.jpg?fit=1920%2C1280&ssl=1","width":1920,"height":1280},{"@type":"BreadcrumbList","@id":"https:\/\/letmalaga.com\/en\/services\/#breadcrumb","itemListElement":[{"@type":"ListItem","position":1,"name":"Portada","item":"https:\/\/letmalaga.com\/en\/home\/"},{"@type":"ListItem","position":2,"name":"Services"}]},{"@type":"WebSite","@id":"https:\/\/letmalaga.com\/en\/#website","url":"https:\/\/letmalaga.com\/en\/","name":"Letmalaga | Apartamentos Tur\u00edstico en M\u00e1laga","description":"Apartamentos tur\u00edstico en M\u00e1laga","publisher":{"@id":"https:\/\/letmalaga.com\/en\/#organization"},"potentialAction":[{"@type":"SearchAction","target":{"@type":"EntryPoint","urlTemplate":"https:\/\/letmalaga.com\/en\/?s={search_term_string}"},"query-input":{"@type":"PropertyValueSpecification","valueRequired":true,"valueName":"search_term_string"}}],"inLanguage":"en-US"},{"@type":"Organization","@id":"https:\/\/letmalaga.com\/en\/#organization","name":"Letmalaga Apartamentos","url":"https:\/\/letmalaga.com\/en\/","logo":{"@type":"ImageObject","inLanguage":"en-US","@id":"https:\/\/letmalaga.com\/en\/#\/schema\/logo\/image\/","url":"https:\/\/i0.wp.com\/letmalaga.com\/wp-content\/uploads\/2020\/01\/logolet-2.png?fit=960%2C960&ssl=1","contentUrl":"https:\/\/i0.wp.com\/letmalaga.com\/wp-content\/uploads\/2020\/01\/logolet-2.png?fit=960%2C960&ssl=1","width":960,"height":960,"caption":"Letmalaga Apartamentos"},"image":{"@id":"https:\/\/letmalaga.com\/en\/#\/schema\/logo\/image\/"},"sameAs":["https:\/\/www.facebook.com\/Letmalaga","https:\/\/www.instagram.com\/letmalagamoments\/","https:\/\/www.linkedin.com\/feed\/"]}]}},"jetpack_sharing_enabled":true,"jetpack_likes_enabled":true,"_links":{"self":[{"href":"https:\/\/letmalaga.com\/en\/wp-json\/wp\/v2\/pages\/1589","targetHints":{"allow":["GET"]}}],"collection":[{"href":"https:\/\/letmalaga.com\/en\/wp-json\/wp\/v2\/pages"}],"about":[{"href":"https:\/\/letmalaga.com\/en\/wp-json\/wp\/v2\/types\/page"}],"author":[{"embeddable":true,"href":"https:\/\/letmalaga.com\/en\/wp-json\/wp\/v2\/users\/2"}],"replies":[{"embeddable":true,"href":"https:\/\/letmalaga.com\/en\/wp-json\/wp\/v2\/comments?post=1589"}],"version-history":[{"count":21,"href":"https:\/\/letmalaga.com\/en\/wp-json\/wp\/v2\/pages\/1589\/revisions"}],"predecessor-version":[{"id":1821,"href":"https:\/\/letmalaga.com\/en\/wp-json\/wp\/v2\/pages\/1589\/revisions\/1821"}],"wp:featuredmedia":[{"embeddable":true,"href":"https:\/\/letmalaga.com\/en\/wp-json\/wp\/v2\/media\/1479"}],"wp:attachment":[{"href":"https:\/\/letmalaga.com\/en\/wp-json\/wp\/v2\/media?parent=1589"}],"curies":[{"name":"wp","href":"https:\/\/api.w.org\/{rel}","templated":true}]}}