{"id":1579,"date":"2020-12-11T10:14:27","date_gmt":"2020-12-11T10:14:27","guid":{"rendered":"https:\/\/letmalaga.com\/book-online\/"},"modified":"2023-06-26T16:10:56","modified_gmt":"2023-06-26T16:10:56","slug":"book-online","status":"publish","type":"page","link":"https:\/\/letmalaga.com\/en\/book-online\/","title":{"rendered":"Book Online"},"content":{"rendered":"\t\t<div data-elementor-type=\"wp-page\" data-elementor-id=\"1579\" class=\"elementor elementor-1579 elementor-991\" data-elementor-post-type=\"page\">\n\t\t\t\t\t\t<section class=\"elementor-section elementor-top-section elementor-element elementor-element-90d1871 elementor-section-full_width elementor-section-height-full elementor-section-height-default elementor-section-items-middle\" data-id=\"90d1871\" data-element_type=\"section\" data-e-type=\"section\">\n\t\t\t\t\t\t<div class=\"elementor-container elementor-column-gap-default\">\n\t\t\t\t\t<div class=\"elementor-column elementor-col-100 elementor-top-column elementor-element elementor-element-fb87353\" data-id=\"fb87353\" data-element_type=\"column\" data-e-type=\"column\">\n\t\t\t<div class=\"elementor-widget-wrap elementor-element-populated\">\n\t\t\t\t\t\t<div class=\"elementor-element elementor-element-c41bb55 elementor-widget__width-inherit elementor-widget elementor-widget-text-editor\" data-id=\"c41bb55\" data-element_type=\"widget\" data-e-type=\"widget\" data-widget_type=\"text-editor.default\">\n\t\t\t\t<div class=\"elementor-widget-container\">\n\t\t\t\t\t\t\t\t\t<div>\n    <style>\n        .icnea-iframe-container {\n            width: 100%;\n            overflow-x: hidden;\n        }\n\n        .icnea-iframe {\n            width: calc(100% + 15px);\n            height: 99.5vh;\n        }\n    <\/style>\n    <div class='icnea-iframe-container'>\n        <iframe class='icnea-iframe' src='https:\/\/letmalaga.icnea.net\/?idi=2' frameborder=\"0\" onload=\"window.scrollTo(0,0)\"><\/iframe>\n    <\/div>\n\n    <script>\n        if (window.location.search) {\n            const arrival = get('arrival') || '';\n            const departure = get('departure') || '';\n            const guests = get('guests') || '';\n            const destination = get('city') || '';\n            const gro = get('gro') || '';\n            const idi = get('idi') || 2;\n            const nights = get('nights');\n            if (arrival && departure && guests) {\n                let qparams = `?idi=${idi}&arrival=${arrival}&departure=${departure}&guests=${guests}&city=${destination}&nights=${nights}`;\n                if (gro) {\n                    qparams += `&gro=${gro}`;\n                }\n                document.querySelector('iframe.icnea-iframe').src = 'https:\/\/letmalaga.icnea.net\/search' + qparams;\n            }\n        }\n\n        function get(name) {\n            if (name = (new RegExp('[?&]' + encodeURIComponent(name) + '=([^&]*)')).exec(location.search)) {\n                return decodeURIComponent(name[1]);\n            }\n        }\n    <\/script>\n<\/div>\t\t\t\t\t\t\t\t<\/div>\n\t\t\t\t<\/div>\n\t\t\t\t\t<\/div>\n\t\t<\/div>\n\t\t\t\t\t<\/div>\n\t\t<\/section>\n\t\t\t\t<\/div>\n\t\t","protected":false},"excerpt":{"rendered":"","protected":false},"author":2,"featured_media":0,"parent":0,"menu_order":0,"comment_status":"closed","ping_status":"closed","template":"elementor_header_footer","meta":{"jetpack_post_was_ever_published":false,"footnotes":""},"class_list":["post-1579","page","type-page","status-publish","hentry"],"yoast_head":"<!-- This site is optimized with the Yoast SEO plugin v27.4 - https:\/\/yoast.com\/product\/yoast-seo-wordpress\/ -->\n<title>Book Online | Letmalaga | Apartamentos Tur\u00edstico en M\u00e1laga<\/title>\n<meta name=\"robots\" content=\"index, follow, max-snippet:-1, max-image-preview:large, max-video-preview:-1\" \/>\n<link rel=\"canonical\" href=\"https:\/\/letmalaga.com\/en\/book-online\/\" \/>\n<meta property=\"og:locale\" content=\"en_US\" \/>\n<meta property=\"og:type\" content=\"article\" \/>\n<meta property=\"og:title\" content=\"Book Online | Letmalaga | Apartamentos Tur\u00edstico en M\u00e1laga\" \/>\n<meta property=\"og:url\" content=\"https:\/\/letmalaga.com\/en\/book-online\/\" \/>\n<meta property=\"og:site_name\" content=\"Letmalaga | Apartamentos Tur\u00edstico en M\u00e1laga\" \/>\n<meta property=\"article:publisher\" content=\"https:\/\/www.facebook.com\/Letmalaga\" \/>\n<meta property=\"article:modified_time\" content=\"2023-06-26T16:10:56+00:00\" \/>\n<meta name=\"twitter:card\" content=\"summary_large_image\" \/>\n<meta name=\"twitter:label1\" content=\"Est. reading time\" \/>\n\t<meta name=\"twitter:data1\" content=\"1 minute\" \/>\n<script type=\"application\/ld+json\" class=\"yoast-schema-graph\">{\"@context\":\"https:\\\/\\\/schema.org\",\"@graph\":[{\"@type\":\"WebPage\",\"@id\":\"https:\\\/\\\/letmalaga.com\\\/en\\\/book-online\\\/\",\"url\":\"https:\\\/\\\/letmalaga.com\\\/en\\\/book-online\\\/\",\"name\":\"Book Online | Letmalaga | Apartamentos Tur\u00edstico en M\u00e1laga\",\"isPartOf\":{\"@id\":\"https:\\\/\\\/letmalaga.com\\\/en\\\/#website\"},\"datePublished\":\"2020-12-11T10:14:27+00:00\",\"dateModified\":\"2023-06-26T16:10:56+00:00\",\"breadcrumb\":{\"@id\":\"https:\\\/\\\/letmalaga.com\\\/en\\\/book-online\\\/#breadcrumb\"},\"inLanguage\":\"en-US\",\"potentialAction\":[{\"@type\":\"ReadAction\",\"target\":[\"https:\\\/\\\/letmalaga.com\\\/en\\\/book-online\\\/\"]}]},{\"@type\":\"BreadcrumbList\",\"@id\":\"https:\\\/\\\/letmalaga.com\\\/en\\\/book-online\\\/#breadcrumb\",\"itemListElement\":[{\"@type\":\"ListItem\",\"position\":1,\"name\":\"Portada\",\"item\":\"https:\\\/\\\/letmalaga.com\\\/en\\\/home\\\/\"},{\"@type\":\"ListItem\",\"position\":2,\"name\":\"Book Online\"}]},{\"@type\":\"WebSite\",\"@id\":\"https:\\\/\\\/letmalaga.com\\\/en\\\/#website\",\"url\":\"https:\\\/\\\/letmalaga.com\\\/en\\\/\",\"name\":\"Letmalaga | Apartamentos Tur\u00edstico en M\u00e1laga\",\"description\":\"Apartamentos tur\u00edstico en M\u00e1laga\",\"publisher\":{\"@id\":\"https:\\\/\\\/letmalaga.com\\\/en\\\/#organization\"},\"potentialAction\":[{\"@type\":\"SearchAction\",\"target\":{\"@type\":\"EntryPoint\",\"urlTemplate\":\"https:\\\/\\\/letmalaga.com\\\/en\\\/?s={search_term_string}\"},\"query-input\":{\"@type\":\"PropertyValueSpecification\",\"valueRequired\":true,\"valueName\":\"search_term_string\"}}],\"inLanguage\":\"en-US\"},{\"@type\":\"Organization\",\"@id\":\"https:\\\/\\\/letmalaga.com\\\/en\\\/#organization\",\"name\":\"Letmalaga Apartamentos\",\"url\":\"https:\\\/\\\/letmalaga.com\\\/en\\\/\",\"logo\":{\"@type\":\"ImageObject\",\"inLanguage\":\"en-US\",\"@id\":\"https:\\\/\\\/letmalaga.com\\\/en\\\/#\\\/schema\\\/logo\\\/image\\\/\",\"url\":\"https:\\\/\\\/i0.wp.com\\\/letmalaga.com\\\/wp-content\\\/uploads\\\/2020\\\/01\\\/logolet-2.png?fit=960%2C960&ssl=1\",\"contentUrl\":\"https:\\\/\\\/i0.wp.com\\\/letmalaga.com\\\/wp-content\\\/uploads\\\/2020\\\/01\\\/logolet-2.png?fit=960%2C960&ssl=1\",\"width\":960,\"height\":960,\"caption\":\"Letmalaga Apartamentos\"},\"image\":{\"@id\":\"https:\\\/\\\/letmalaga.com\\\/en\\\/#\\\/schema\\\/logo\\\/image\\\/\"},\"sameAs\":[\"https:\\\/\\\/www.facebook.com\\\/Letmalaga\",\"https:\\\/\\\/www.instagram.com\\\/letmalagamoments\\\/\",\"https:\\\/\\\/www.linkedin.com\\\/feed\\\/\"]}]}<\/script>\n<!-- \/ Yoast SEO plugin. -->","yoast_head_json":{"title":"Book Online | Letmalaga | Apartamentos Tur\u00edstico en M\u00e1laga","robots":{"index":"index","follow":"follow","max-snippet":"max-snippet:-1","max-image-preview":"max-image-preview:large","max-video-preview":"max-video-preview:-1"},"canonical":"https:\/\/letmalaga.com\/en\/book-online\/","og_locale":"en_US","og_type":"article","og_title":"Book Online | Letmalaga | Apartamentos Tur\u00edstico en M\u00e1laga","og_url":"https:\/\/letmalaga.com\/en\/book-online\/","og_site_name":"Letmalaga | Apartamentos Tur\u00edstico en M\u00e1laga","article_publisher":"https:\/\/www.facebook.com\/Letmalaga","article_modified_time":"2023-06-26T16:10:56+00:00","twitter_card":"summary_large_image","twitter_misc":{"Est. reading time":"1 minute"},"schema":{"@context":"https:\/\/schema.org","@graph":[{"@type":"WebPage","@id":"https:\/\/letmalaga.com\/en\/book-online\/","url":"https:\/\/letmalaga.com\/en\/book-online\/","name":"Book Online | Letmalaga | Apartamentos Tur\u00edstico en M\u00e1laga","isPartOf":{"@id":"https:\/\/letmalaga.com\/en\/#website"},"datePublished":"2020-12-11T10:14:27+00:00","dateModified":"2023-06-26T16:10:56+00:00","breadcrumb":{"@id":"https:\/\/letmalaga.com\/en\/book-online\/#breadcrumb"},"inLanguage":"en-US","potentialAction":[{"@type":"ReadAction","target":["https:\/\/letmalaga.com\/en\/book-online\/"]}]},{"@type":"BreadcrumbList","@id":"https:\/\/letmalaga.com\/en\/book-online\/#breadcrumb","itemListElement":[{"@type":"ListItem","position":1,"name":"Portada","item":"https:\/\/letmalaga.com\/en\/home\/"},{"@type":"ListItem","position":2,"name":"Book Online"}]},{"@type":"WebSite","@id":"https:\/\/letmalaga.com\/en\/#website","url":"https:\/\/letmalaga.com\/en\/","name":"Letmalaga | Apartamentos Tur\u00edstico en M\u00e1laga","description":"Apartamentos tur\u00edstico en M\u00e1laga","publisher":{"@id":"https:\/\/letmalaga.com\/en\/#organization"},"potentialAction":[{"@type":"SearchAction","target":{"@type":"EntryPoint","urlTemplate":"https:\/\/letmalaga.com\/en\/?s={search_term_string}"},"query-input":{"@type":"PropertyValueSpecification","valueRequired":true,"valueName":"search_term_string"}}],"inLanguage":"en-US"},{"@type":"Organization","@id":"https:\/\/letmalaga.com\/en\/#organization","name":"Letmalaga Apartamentos","url":"https:\/\/letmalaga.com\/en\/","logo":{"@type":"ImageObject","inLanguage":"en-US","@id":"https:\/\/letmalaga.com\/en\/#\/schema\/logo\/image\/","url":"https:\/\/i0.wp.com\/letmalaga.com\/wp-content\/uploads\/2020\/01\/logolet-2.png?fit=960%2C960&ssl=1","contentUrl":"https:\/\/i0.wp.com\/letmalaga.com\/wp-content\/uploads\/2020\/01\/logolet-2.png?fit=960%2C960&ssl=1","width":960,"height":960,"caption":"Letmalaga Apartamentos"},"image":{"@id":"https:\/\/letmalaga.com\/en\/#\/schema\/logo\/image\/"},"sameAs":["https:\/\/www.facebook.com\/Letmalaga","https:\/\/www.instagram.com\/letmalagamoments\/","https:\/\/www.linkedin.com\/feed\/"]}]}},"jetpack_sharing_enabled":true,"jetpack_likes_enabled":true,"_links":{"self":[{"href":"https:\/\/letmalaga.com\/en\/wp-json\/wp\/v2\/pages\/1579","targetHints":{"allow":["GET"]}}],"collection":[{"href":"https:\/\/letmalaga.com\/en\/wp-json\/wp\/v2\/pages"}],"about":[{"href":"https:\/\/letmalaga.com\/en\/wp-json\/wp\/v2\/types\/page"}],"author":[{"embeddable":true,"href":"https:\/\/letmalaga.com\/en\/wp-json\/wp\/v2\/users\/2"}],"replies":[{"embeddable":true,"href":"https:\/\/letmalaga.com\/en\/wp-json\/wp\/v2\/comments?post=1579"}],"version-history":[{"count":41,"href":"https:\/\/letmalaga.com\/en\/wp-json\/wp\/v2\/pages\/1579\/revisions"}],"predecessor-version":[{"id":15870,"href":"https:\/\/letmalaga.com\/en\/wp-json\/wp\/v2\/pages\/1579\/revisions\/15870"}],"wp:attachment":[{"href":"https:\/\/letmalaga.com\/en\/wp-json\/wp\/v2\/media?parent=1579"}],"curies":[{"name":"wp","href":"https:\/\/api.w.org\/{rel}","templated":true}]}}